{"id":52446,"date":"2018-11-26T12:01:14","date_gmt":"2018-11-26T11:01:14","guid":{"rendered":"https:\/\/www.gdihockey.de\/?page_id=52446"},"modified":"2018-11-26T12:02:16","modified_gmt":"2018-11-26T11:02:16","slug":"anmeldung","status":"publish","type":"page","link":"https:\/\/www.gdihockey.de\/en\/anmeldung\/","title":{"rendered":"Anmeldung"},"content":{"rendered":"<section class=\"wpb-content-wrapper\"><p>[vc_row type=&#8221;vc_default&#8221; css=&#8221;.vc_custom_1499949991615{padding-top: 70px !important;padding-bottom: 20px !important;}&#8221;][vc_column]<div id=\"ultimate-heading-907369f2ddcaa99f9\" class=\"uvc-heading ult-adjust-bottom-margin ultimate-heading-907369f2ddcaa99f9 uvc-9352  uvc-heading-default-font-sizes\" data-hspacer=\"no_spacer\"  data-halign=\"left\" style=\"text-align:left\"><div class=\"uvc-heading-spacer no_spacer\" style=\"top\"><\/div><div class=\"uvc-main-heading ult-responsive\"  data-ultimate-target='.uvc-heading.ultimate-heading-907369f2ddcaa99f9 h1'  data-responsive-json-new='{\"font-size\":\"\",\"line-height\":\"\"}' ><h1 style=\"font-family:&#039;Arvo&#039;;font-weight:700;margin-bottom:60px;\">Anmeldeformular<\/h1><\/div><\/div>[vc_column_text css=&#8221;.vc_custom_1543230071956{padding-top: 30px !important;}&#8221;]Im Folgenden finden Sie das Formular zur verbindlichen Anmeldung zu einem GDI Camp. Sollten Sie Fragen haben, <a href=\"https:\/\/www.gdihockey.de\/kontakt\/\">kontaktieren<\/a> Sie uns gerne ganz unverbindlich.<\/p>\n<p>Bei Anmeldung zum Sommercamp und Zahlung bis zum 31.12.2019 erhalten Sie einen <strong>Rabatt<\/strong> von 5 %.<\/p>\n<p><strong>Wir empfehlen den Abschluss einer Reiser\u00fccktrittsversicherung.<\/strong>[\/vc_column_text][\/vc_column][\/vc_row][vc_row][vc_column width=&#8221;5\/6&#8243;][vc_column_text]\n<div class=\"wpcf7 no-js\" id=\"wpcf7-f51945-o1\" lang=\"de-DE\" dir=\"ltr\" data-wpcf7-id=\"51945\">\n<div class=\"screen-reader-response\"><p role=\"status\" aria-live=\"polite\" aria-atomic=\"true\"><\/p> <ul><\/ul><\/div>\n<form action=\"\/en\/wp-json\/wp\/v2\/pages\/52446#wpcf7-f51945-o1\" method=\"post\" class=\"wpcf7-form init\" aria-label=\"Kontaktformular\" novalidate=\"novalidate\" data-status=\"init\">\n<fieldset class=\"hidden-fields-container\"><input type=\"hidden\" name=\"_wpcf7\" value=\"51945\" \/><input type=\"hidden\" name=\"_wpcf7_version\" value=\"6.1.5\" \/><input type=\"hidden\" name=\"_wpcf7_locale\" value=\"de_DE\" \/><input type=\"hidden\" name=\"_wpcf7_unit_tag\" value=\"wpcf7-f51945-o1\" \/><input type=\"hidden\" name=\"_wpcf7_container_post\" value=\"0\" \/><input type=\"hidden\" name=\"_wpcf7_posted_data_hash\" value=\"\" \/>\n<\/fieldset>\n<p><label> Camp-Auswahl<br \/>\n<span class=\"wpcf7-form-control-wrap\" data-name=\"Camp\"><select class=\"wpcf7-form-control wpcf7-select wpcf7-validates-as-required\" aria-required=\"true\" aria-invalid=\"false\" name=\"Camp\"><option value=\"Tune-Up\">Tune-Up<\/option><option value=\"Advanced\">Advanced<\/option><option value=\"High Performance\">High Performance<\/option><option value=\"Elite\">Elite<\/option><option value=\"Pro Consulting\">Pro Consulting<\/option><option value=\"Athletikcamp\">Athletikcamp<\/option><\/select><\/span><\/label>\n<\/p>\n<p><label> Name<br \/>\n<span class=\"wpcf7-form-control-wrap\" data-name=\"your-name\"><input size=\"40\" maxlength=\"400\" class=\"wpcf7-form-control wpcf7-text wpcf7-validates-as-required\" aria-required=\"true\" aria-invalid=\"false\" value=\"\" type=\"text\" name=\"your-name\" \/><\/span> <\/label>\n<\/p>\n<p><label> Vorname<br \/>\n<span class=\"wpcf7-form-control-wrap\" data-name=\"sure-name\"><input size=\"40\" maxlength=\"400\" class=\"wpcf7-form-control wpcf7-text wpcf7-validates-as-required\" aria-required=\"true\" aria-invalid=\"false\" value=\"\" type=\"text\" name=\"sure-name\" \/><\/span> <\/label>\n<\/p>\n<p><label> Name des Elternteils (bei U18)<br \/>\n<span class=\"wpcf7-form-control-wrap\" data-name=\"parents-name\"><input size=\"40\" maxlength=\"400\" class=\"wpcf7-form-control wpcf7-text\" aria-invalid=\"false\" value=\"\" type=\"text\" name=\"parents-name\" \/><\/span> <\/label>\n<\/p>\n<p><label> Vorname des Elternteils (bei U18)<br \/>\n<span class=\"wpcf7-form-control-wrap\" data-name=\"parens-sure-name\"><input size=\"40\" maxlength=\"400\" class=\"wpcf7-form-control wpcf7-text\" aria-invalid=\"false\" value=\"\" type=\"text\" name=\"parens-sure-name\" \/><\/span> <\/label>\n<\/p>\n<p><label> Geburtsdatum<br \/>\n<span class=\"wpcf7-form-control-wrap\" data-name=\"Geburtsdatum\"><input size=\"40\" maxlength=\"400\" class=\"wpcf7-form-control wpcf7-text wpcf7-validates-as-required\" aria-required=\"true\" aria-invalid=\"false\" value=\"\" type=\"text\" name=\"Geburtsdatum\" \/><\/span> <\/label>\n<\/p>\n<p><label> Gr\u00f6\u00dfe (in cm)<br \/>\n<span class=\"wpcf7-form-control-wrap\" data-name=\"Groesse\"><input class=\"wpcf7-form-control wpcf7-number wpcf7-validates-as-required wpcf7-validates-as-number\" aria-required=\"true\" aria-invalid=\"false\" value=\"\" type=\"number\" name=\"Groesse\" \/><\/span> <\/label>\n<\/p>\n<p><label> Gewicht (in kg)<br \/>\n<span class=\"wpcf7-form-control-wrap\" data-name=\"Gewicht\"><input class=\"wpcf7-form-control wpcf7-number wpcf7-validates-as-required wpcf7-validates-as-number\" aria-required=\"true\" aria-invalid=\"false\" value=\"\" type=\"number\" name=\"Gewicht\" \/><\/span> <\/label>\n<\/p>\n<p><label> Stra\u00dfe<br \/>\n<span class=\"wpcf7-form-control-wrap\" data-name=\"Strasse\"><input size=\"40\" maxlength=\"400\" class=\"wpcf7-form-control wpcf7-text wpcf7-validates-as-required\" aria-required=\"true\" aria-invalid=\"false\" value=\"\" type=\"text\" name=\"Strasse\" \/><\/span> <\/label>\n<\/p>\n<p><label> Hausnummer<br \/>\n<span class=\"wpcf7-form-control-wrap\" data-name=\"Hausnr\"><input size=\"40\" maxlength=\"400\" class=\"wpcf7-form-control wpcf7-text wpcf7-validates-as-required\" aria-required=\"true\" aria-invalid=\"false\" value=\"\" type=\"text\" name=\"Hausnr\" \/><\/span> <\/label>\n<\/p>\n<p><label> PLZ<br \/>\n<span class=\"wpcf7-form-control-wrap\" data-name=\"PLZ\"><input class=\"wpcf7-form-control wpcf7-number wpcf7-validates-as-required wpcf7-validates-as-number\" aria-required=\"true\" aria-invalid=\"false\" value=\"\" type=\"number\" name=\"PLZ\" \/><\/span> <\/label>\n<\/p>\n<p><label> Ort<br \/>\n<span class=\"wpcf7-form-control-wrap\" data-name=\"Ort\"><input size=\"40\" maxlength=\"400\" class=\"wpcf7-form-control wpcf7-text wpcf7-validates-as-required\" aria-required=\"true\" aria-invalid=\"false\" value=\"\" type=\"text\" name=\"Ort\" \/><\/span> <\/label>\n<\/p>\n<p><label> Bundesland<br \/>\n<span class=\"wpcf7-form-control-wrap\" data-name=\"Bundesland\"><input size=\"40\" maxlength=\"400\" class=\"wpcf7-form-control wpcf7-text wpcf7-validates-as-required\" aria-required=\"true\" aria-invalid=\"false\" value=\"\" type=\"text\" name=\"Bundesland\" \/><\/span> <\/label>\n<\/p>\n<p><label> Land<br \/>\n<span class=\"wpcf7-form-control-wrap\" data-name=\"Land\"><input size=\"40\" maxlength=\"400\" class=\"wpcf7-form-control wpcf7-text wpcf7-validates-as-required\" aria-required=\"true\" aria-invalid=\"false\" value=\"\" type=\"text\" name=\"Land\" \/><\/span> <\/label>\n<\/p>\n<p><label> Trikotgr\u00f6\u00dfe<br \/>\n<span class=\"wpcf7-form-control-wrap\" data-name=\"Trikot\"><input size=\"40\" maxlength=\"400\" class=\"wpcf7-form-control wpcf7-text wpcf7-validates-as-required\" aria-required=\"true\" aria-invalid=\"false\" value=\"\" type=\"text\" name=\"Trikot\" \/><\/span> <\/label>\n<\/p>\n<p><label> T-Shirt-Gr\u00f6\u00dfe<br \/>\n<span class=\"wpcf7-form-control-wrap\" data-name=\"T-Shirt\"><input size=\"40\" maxlength=\"400\" class=\"wpcf7-form-control wpcf7-text wpcf7-validates-as-required\" aria-required=\"true\" aria-invalid=\"false\" value=\"\" type=\"text\" name=\"T-Shirt\" \/><\/span> <\/label>\n<\/p>\n<p><label> Handy<br \/>\n<span class=\"wpcf7-form-control-wrap\" data-name=\"Handy\"><input size=\"40\" maxlength=\"400\" class=\"wpcf7-form-control wpcf7-tel wpcf7-validates-as-required wpcf7-text wpcf7-validates-as-tel\" aria-required=\"true\" aria-invalid=\"false\" value=\"\" type=\"tel\" name=\"Handy\" \/><\/span> <\/label>\n<\/p>\n<p><label> E-Mail-Adresse<br \/>\n<span class=\"wpcf7-form-control-wrap\" data-name=\"your-email\"><input size=\"40\" maxlength=\"400\" class=\"wpcf7-form-control wpcf7-email wpcf7-validates-as-required wpcf7-text wpcf7-validates-as-email\" aria-required=\"true\" aria-invalid=\"false\" value=\"\" type=\"email\" name=\"your-email\" \/><\/span> <\/label>\n<\/p>\n<p><label> Allergien, Verletzungen, Krankheiten etc.<br \/>\n<span class=\"wpcf7-form-control-wrap\" data-name=\"zusatzinfos\"><textarea cols=\"40\" rows=\"10\" maxlength=\"2000\" class=\"wpcf7-form-control wpcf7-textarea\" aria-invalid=\"false\" name=\"zusatzinfos\"><\/textarea><\/span> <\/label>\n<\/p>\n<p><label> Leistungsspielklasse<br \/>\n<span class=\"wpcf7-form-control-wrap\" data-name=\"Leistungsspielklasse\"><input size=\"40\" maxlength=\"400\" class=\"wpcf7-form-control wpcf7-text wpcf7-validates-as-required\" aria-required=\"true\" aria-invalid=\"false\" value=\"\" type=\"text\" name=\"Leistungsspielklasse\" \/><\/span> <\/label>\n<\/p>\n<p><label> Voraussichtliche Spielklasse in der kommenden Saison<br \/>\n<span class=\"wpcf7-form-control-wrap\" data-name=\"spielklasse\"><input size=\"40\" maxlength=\"400\" class=\"wpcf7-form-control wpcf7-text wpcf7-validates-as-required\" aria-required=\"true\" aria-invalid=\"false\" value=\"\" type=\"text\" name=\"spielklasse\" \/><\/span> <\/label>\n<\/p>\n<p><label> Gegenw\u00e4rtiges o. letztes Team<br \/>\n<span class=\"wpcf7-form-control-wrap\" data-name=\"team\"><input size=\"40\" maxlength=\"400\" class=\"wpcf7-form-control wpcf7-text wpcf7-validates-as-required\" aria-required=\"true\" aria-invalid=\"false\" value=\"\" type=\"text\" name=\"team\" \/><\/span> <\/label>\n<\/p>\n<p><label> Agent<br \/>\n<span class=\"wpcf7-form-control-wrap\" data-name=\"agent\"><input size=\"40\" maxlength=\"400\" class=\"wpcf7-form-control wpcf7-text\" aria-invalid=\"false\" value=\"\" type=\"text\" name=\"agent\" \/><\/span> <\/label>\n<\/p>\n<p><label> F\u00f6rderlizenz<br \/>\n<span class=\"wpcf7-form-control-wrap\" data-name=\"forderlizenz\"><input size=\"40\" maxlength=\"400\" class=\"wpcf7-form-control wpcf7-text\" aria-invalid=\"false\" value=\"\" type=\"text\" name=\"forderlizenz\" \/><\/span> <\/label>\n<\/p>\n<p><label> Camp Nummer<br \/>\n<span class=\"wpcf7-form-control-wrap\" data-name=\"CampNummer\"><select class=\"wpcf7-form-control wpcf7-select wpcf7-validates-as-required\" aria-required=\"true\" aria-invalid=\"false\" name=\"CampNummer\"><option value=\"152 Advanced, 02.08.-07.08.26, Jahrgang: 2014 und j\u00fcnger, 1.150,00 Euro\">152 Advanced, 02.08.-07.08.26, Jahrgang: 2014 und j\u00fcnger, 1.150,00 Euro<\/option><option value=\"153 High Performance, 02.08.-07.08.26, Jahrgang 2009 bis 2013, 1.250,00 Euro\">153 High Performance, 02.08.-07.08.26, Jahrgang 2009 bis 2013, 1.250,00 Euro<\/option><option value=\"154 Elite, 02.08.-07.08.26, Jahrgang 2008 und \u00e4lter, 1.400 Euro\">154 Elite, 02.08.-07.08.26, Jahrgang 2008 und \u00e4lter, 1.400 Euro<\/option><option value=\"155, Tune-up, 03.01.-05.01.27, Jahrgang 2015 und j\u00fcnger, 650,- Euro\">155, Tune-up, 03.01.-05.01.27, Jahrgang 2015 und j\u00fcnger, 650,- Euro<\/option><option value=\"156, Tune-up, 03.01.-05.01.27, Jahrgang 2015 und j\u00fcnger, 650,- Euro\">156, Tune-up, 03.01.-05.01.27, Jahrgang 2015 und j\u00fcnger, 650,- Euro<\/option><option value=\"157, Tune-up, 03.01.-05.01.27, Jahrgang 2014 und \u00e4lter, 650,- Euro\">157, Tune-up, 03.01.-05.01.27, Jahrgang 2014 und \u00e4lter, 650,- Euro<\/option><option value=\"anderes\">anderes<\/option><\/select><\/span> <\/label>\n<\/p>\n<p><label><span class=\"wpcf7-form-control-wrap unterkunft\"><span class=\"wpcf7-form-control wpcf7-gdicheckbox\"><span class=\"wpcf7-list-item first last\"><input type=\"checkbox\" name=\"unterkunft\" value=\"&lt;b&gt;&lt;u&gt;(Optional) Campbuchung mit Unterkunft inklusive Verpflegung:&lt;\/b&gt;&lt;\/u&gt;&lt;br&gt;Advanced-, High Performance-, Elite-, Pro Consulting- &amp; Athletikcamp: &lt;b&gt;&lt;i&gt;350,00 EUR inkl. MwSt.&lt;\/b&gt;&lt;\/i&gt;\n&lt;br&gt;&lt;br&gt;\nTune-Up Camp mit \u00dcbernachtung: &lt;b&gt;&lt;i&gt;175,00 EUR inkl. MwSt.&lt;\/b&gt;&lt;\/i&gt;\" tabindex=\"\" \/><span class=\"wpcf7-list-item-label\"><b><u>(Optional) Campbuchung mit Unterkunft inklusive Verpflegung:<\/b><\/u><br>Advanced-, High Performance-, Elite-, Pro Consulting- & Athletikcamp: <b><i>350,00 EUR inkl. MwSt.<\/b><\/i>\n<br><br>\nTune-Up Camp mit \u00dcbernachtung: <b><i>175,00 EUR inkl. MwSt.<\/b><\/i><\/span><\/span><\/span><\/span><br \/>\n<\/label><br \/>\n<label><span class=\"wpcf7-form-control-wrap agb\"><span class=\"wpcf7-form-control wpcf7-gdicheckbox wpcf7-validates-as-required\"><span class=\"wpcf7-list-item first last\"><input type=\"checkbox\" name=\"agb\" value=\"Hiermit best\u00e4tige ich, die &lt;a href=&#039;\/agb\/&#039; target=&#039;_blank&#039;&gt;AGB&lt;\/a&gt; und &lt;a href=&#039;\/datenschutzerklaerung\/&#039; target=&#039;_blank&#039;&gt;Datenschutzbestimmungen&lt;\/a&gt; zur Kenntnis genommen zu haben und diese zu akzeptieren.\" tabindex=\"\" \/><span class=\"wpcf7-list-item-label\">Hiermit best\u00e4tige ich, die <a href='\/agb\/' target='_blank'>AGB<\/a> und <a href='\/datenschutzerklaerung\/' target='_blank'>Datenschutzbestimmungen<\/a> zur Kenntnis genommen zu haben und diese zu akzeptieren.<\/span><\/span><\/span><\/span><\/label>\n<\/p>\n<p><label><span class=\"wpcf7-form-control-wrap\" data-name=\"Bildrechte\"><span class=\"wpcf7-form-control wpcf7-checkbox wpcf7-exclusive-checkbox\"><span class=\"wpcf7-list-item first last\"><input type=\"checkbox\" name=\"Bildrechte\" value=\"Hiermit best\u00e4tige ich, dass Bilder und Videos w\u00e4hrend der Camps gemacht und publiziert werden d\u00fcrfen.\" \/><span class=\"wpcf7-list-item-label\">Hiermit best\u00e4tige ich, dass Bilder und Videos w\u00e4hrend der Camps gemacht und publiziert werden d\u00fcrfen.<\/span><\/span><\/span><\/span><\/label>\n<\/p>\n<p><input class=\"wpcf7-form-control wpcf7-submit has-spinner\" type=\"submit\" value=\"Vebindliche Anmeldung\" \/>\n<\/p><input type=\"hidden\" id=\"ct_checkjs_cf7_89fcd07f20b6785b92134bd6c1d0fa42\" name=\"ct_checkjs_cf7\" value=\"0\" \/><script >setTimeout(function(){var ct_input_name = \"ct_checkjs_cf7_89fcd07f20b6785b92134bd6c1d0fa42\";if (document.getElementById(ct_input_name) !== null) {var ct_input_value = document.getElementById(ct_input_name).value;document.getElementById(ct_input_name).value = document.getElementById(ct_input_name).value.replace(ct_input_value, '919030514');}}, 1000);<\/script><input\n                    class=\"apbct_special_field apbct_email_id__wp_contact_form_7\"\n                    name=\"apbct__email_id__wp_contact_form_7\"\n                    aria-label=\"apbct__label_id__wp_contact_form_7\"\n                    type=\"text\" size=\"30\" maxlength=\"200\" autocomplete=\"off\"\n                    value=\"\"\n                \/><div class=\"wpcf7-response-output\" aria-hidden=\"true\"><\/div>\n<\/form>\n<\/div>\n[\/vc_column_text][\/vc_column][vc_column width=&#8221;1\/6&#8243;][\/vc_column][\/vc_row]<\/p>\n<\/section>","protected":false},"excerpt":{"rendered":"<p>[vc_row type=&#8221;vc_default&#8221; css=&#8221;.vc_custom_1499949991615{padding-top: 70px !important;padding-bottom: 20px !important;}&#8221;][vc_column][vc_column_text css=&#8221;.vc_custom_1543230071956{padding-top: 30px !important;}&#8221;]Im Folgenden finden Sie das Formular zur verbindlichen Anmeldung zu einem GDI Camp. Sollten Sie Fragen haben, kontaktieren Sie uns gerne ganz unverbindlich. Bei Anmeldung zum Sommercamp und Zahlung bis zum 31.12.2019 erhalten Sie einen Rabatt von 5 %. Wir empfehlen den Abschluss einer Reiser\u00fccktrittsversicherung.[\/vc_column_text][\/vc_column][\/vc_row][vc_row][vc_column width=&#8221;5\/6&#8243;][vc_column_text][\/vc_column_text][\/vc_column][vc_column&hellip;<\/p>\n","protected":false},"author":5,"featured_media":0,"parent":0,"menu_order":1,"comment_status":"closed","ping_status":"closed","template":"","meta":{"footnotes":""},"class_list":["post-52446","page","type-page","status-publish","hentry","description-off"],"yoast_head":"<!-- This site is optimized with the Yoast SEO plugin v22.9 - https:\/\/yoast.com\/wordpress\/plugins\/seo\/ -->\n<title>Anmeldung | GDI Hockey<\/title>\n<meta name=\"description\" content=\"GDI Hockey Eishockey-Torwartschule in Deutschland. Anmeldung f\u00fcr unsere Goalie Camps und Trainings jetzt \u00fcber unser Anmeldeformular.\" \/>\n<meta name=\"robots\" content=\"index, follow, max-snippet:-1, max-image-preview:large, max-video-preview:-1\" \/>\n<link rel=\"canonical\" href=\"https:\/\/www.gdihockey.de\/en\/anmeldung\/\" \/>\n<meta property=\"og:locale\" content=\"en_US\" \/>\n<meta property=\"og:type\" content=\"article\" \/>\n<meta property=\"og:title\" content=\"Anmeldung | GDI Hockey\" \/>\n<meta property=\"og:description\" content=\"GDI Hockey Eishockey-Torwartschule in Deutschland. Anmeldung f\u00fcr unsere Goalie Camps und Trainings jetzt \u00fcber unser Anmeldeformular.\" \/>\n<meta property=\"og:url\" content=\"https:\/\/www.gdihockey.de\/en\/anmeldung\/\" \/>\n<meta property=\"og:site_name\" content=\"GDI Hockey\" \/>\n<meta property=\"article:publisher\" content=\"https:\/\/www.facebook.com\/GDI.Eishockeyschule\/\" \/>\n<meta property=\"article:modified_time\" content=\"2018-11-26T11:02:16+00:00\" \/>\n<meta name=\"twitter:card\" content=\"summary_large_image\" \/>\n<meta name=\"twitter:label1\" content=\"Est. reading time\" \/>\n\t<meta name=\"twitter:data1\" content=\"1 minute\" \/>\n<script type=\"application\/ld+json\" class=\"yoast-schema-graph\">{\"@context\":\"https:\/\/schema.org\",\"@graph\":[{\"@type\":\"WebPage\",\"@id\":\"https:\/\/www.gdihockey.de\/en\/anmeldung\/\",\"url\":\"https:\/\/www.gdihockey.de\/en\/anmeldung\/\",\"name\":\"Anmeldung | GDI Hockey\",\"isPartOf\":{\"@id\":\"https:\/\/www.gdihockey.de\/#website\"},\"datePublished\":\"2018-11-26T11:01:14+00:00\",\"dateModified\":\"2018-11-26T11:02:16+00:00\",\"description\":\"GDI Hockey Eishockey-Torwartschule in Deutschland. Anmeldung f\u00fcr unsere Goalie Camps und Trainings jetzt \u00fcber unser Anmeldeformular.\",\"breadcrumb\":{\"@id\":\"https:\/\/www.gdihockey.de\/en\/anmeldung\/#breadcrumb\"},\"inLanguage\":\"en-US\",\"potentialAction\":[{\"@type\":\"ReadAction\",\"target\":[\"https:\/\/www.gdihockey.de\/en\/anmeldung\/\"]}]},{\"@type\":\"BreadcrumbList\",\"@id\":\"https:\/\/www.gdihockey.de\/en\/anmeldung\/#breadcrumb\",\"itemListElement\":[{\"@type\":\"ListItem\",\"position\":1,\"name\":\"Home\",\"item\":\"https:\/\/www.gdihockey.de\/en\/\"},{\"@type\":\"ListItem\",\"position\":2,\"name\":\"Anmeldung\"}]},{\"@type\":\"WebSite\",\"@id\":\"https:\/\/www.gdihockey.de\/#website\",\"url\":\"https:\/\/www.gdihockey.de\/\",\"name\":\"GDI Hockey\",\"description\":\"Die Eishockey-Torwartschule\",\"publisher\":{\"@id\":\"https:\/\/www.gdihockey.de\/#organization\"},\"potentialAction\":[{\"@type\":\"SearchAction\",\"target\":{\"@type\":\"EntryPoint\",\"urlTemplate\":\"https:\/\/www.gdihockey.de\/?s={search_term_string}\"},\"query-input\":\"required name=search_term_string\"}],\"inLanguage\":\"en-US\"},{\"@type\":\"Organization\",\"@id\":\"https:\/\/www.gdihockey.de\/#organization\",\"name\":\"GDI Hockey\",\"url\":\"https:\/\/www.gdihockey.de\/\",\"logo\":{\"@type\":\"ImageObject\",\"inLanguage\":\"en-US\",\"@id\":\"https:\/\/www.gdihockey.de\/#\/schema\/logo\/image\/\",\"url\":\"https:\/\/www.gdihockey.de\/wp-content\/uploads\/2017\/07\/logo.png\",\"contentUrl\":\"https:\/\/www.gdihockey.de\/wp-content\/uploads\/2017\/07\/logo.png\",\"width\":529,\"height\":531,\"caption\":\"GDI Hockey\"},\"image\":{\"@id\":\"https:\/\/www.gdihockey.de\/#\/schema\/logo\/image\/\"},\"sameAs\":[\"https:\/\/www.facebook.com\/GDI.Eishockeyschule\/\"]}]}<\/script>\n<!-- \/ Yoast SEO plugin. -->","yoast_head_json":{"title":"Anmeldung | GDI Hockey","description":"GDI Hockey Eishockey-Torwartschule in Deutschland. Anmeldung f\u00fcr unsere Goalie Camps und Trainings jetzt \u00fcber unser Anmeldeformular.","robots":{"index":"index","follow":"follow","max-snippet":"max-snippet:-1","max-image-preview":"max-image-preview:large","max-video-preview":"max-video-preview:-1"},"canonical":"https:\/\/www.gdihockey.de\/en\/anmeldung\/","og_locale":"en_US","og_type":"article","og_title":"Anmeldung | GDI Hockey","og_description":"GDI Hockey Eishockey-Torwartschule in Deutschland. Anmeldung f\u00fcr unsere Goalie Camps und Trainings jetzt \u00fcber unser Anmeldeformular.","og_url":"https:\/\/www.gdihockey.de\/en\/anmeldung\/","og_site_name":"GDI Hockey","article_publisher":"https:\/\/www.facebook.com\/GDI.Eishockeyschule\/","article_modified_time":"2018-11-26T11:02:16+00:00","twitter_card":"summary_large_image","twitter_misc":{"Est. reading time":"1 minute"},"schema":{"@context":"https:\/\/schema.org","@graph":[{"@type":"WebPage","@id":"https:\/\/www.gdihockey.de\/en\/anmeldung\/","url":"https:\/\/www.gdihockey.de\/en\/anmeldung\/","name":"Anmeldung | GDI Hockey","isPartOf":{"@id":"https:\/\/www.gdihockey.de\/#website"},"datePublished":"2018-11-26T11:01:14+00:00","dateModified":"2018-11-26T11:02:16+00:00","description":"GDI Hockey Eishockey-Torwartschule in Deutschland. Anmeldung f\u00fcr unsere Goalie Camps und Trainings jetzt \u00fcber unser Anmeldeformular.","breadcrumb":{"@id":"https:\/\/www.gdihockey.de\/en\/anmeldung\/#breadcrumb"},"inLanguage":"en-US","potentialAction":[{"@type":"ReadAction","target":["https:\/\/www.gdihockey.de\/en\/anmeldung\/"]}]},{"@type":"BreadcrumbList","@id":"https:\/\/www.gdihockey.de\/en\/anmeldung\/#breadcrumb","itemListElement":[{"@type":"ListItem","position":1,"name":"Home","item":"https:\/\/www.gdihockey.de\/en\/"},{"@type":"ListItem","position":2,"name":"Anmeldung"}]},{"@type":"WebSite","@id":"https:\/\/www.gdihockey.de\/#website","url":"https:\/\/www.gdihockey.de\/","name":"GDI Hockey","description":"Die Eishockey-Torwartschule","publisher":{"@id":"https:\/\/www.gdihockey.de\/#organization"},"potentialAction":[{"@type":"SearchAction","target":{"@type":"EntryPoint","urlTemplate":"https:\/\/www.gdihockey.de\/?s={search_term_string}"},"query-input":"required name=search_term_string"}],"inLanguage":"en-US"},{"@type":"Organization","@id":"https:\/\/www.gdihockey.de\/#organization","name":"GDI Hockey","url":"https:\/\/www.gdihockey.de\/","logo":{"@type":"ImageObject","inLanguage":"en-US","@id":"https:\/\/www.gdihockey.de\/#\/schema\/logo\/image\/","url":"https:\/\/www.gdihockey.de\/wp-content\/uploads\/2017\/07\/logo.png","contentUrl":"https:\/\/www.gdihockey.de\/wp-content\/uploads\/2017\/07\/logo.png","width":529,"height":531,"caption":"GDI Hockey"},"image":{"@id":"https:\/\/www.gdihockey.de\/#\/schema\/logo\/image\/"},"sameAs":["https:\/\/www.facebook.com\/GDI.Eishockeyschule\/"]}]}},"_links":{"self":[{"href":"https:\/\/www.gdihockey.de\/en\/wp-json\/wp\/v2\/pages\/52446","targetHints":{"allow":["GET"]}}],"collection":[{"href":"https:\/\/www.gdihockey.de\/en\/wp-json\/wp\/v2\/pages"}],"about":[{"href":"https:\/\/www.gdihockey.de\/en\/wp-json\/wp\/v2\/types\/page"}],"author":[{"embeddable":true,"href":"https:\/\/www.gdihockey.de\/en\/wp-json\/wp\/v2\/users\/5"}],"replies":[{"embeddable":true,"href":"https:\/\/www.gdihockey.de\/en\/wp-json\/wp\/v2\/comments?post=52446"}],"version-history":[{"count":1,"href":"https:\/\/www.gdihockey.de\/en\/wp-json\/wp\/v2\/pages\/52446\/revisions"}],"predecessor-version":[{"id":52448,"href":"https:\/\/www.gdihockey.de\/en\/wp-json\/wp\/v2\/pages\/52446\/revisions\/52448"}],"wp:attachment":[{"href":"https:\/\/www.gdihockey.de\/en\/wp-json\/wp\/v2\/media?parent=52446"}],"curies":[{"name":"wp","href":"https:\/\/api.w.org\/{rel}","templated":true}]}}